{"id":970,"date":"2021-03-03T14:52:51","date_gmt":"2021-03-03T13:52:51","guid":{"rendered":"https:\/\/www.haarsalonsimona.be\/?page_id=970"},"modified":"2021-03-03T14:52:51","modified_gmt":"2021-03-03T13:52:51","slug":"privacy-policy","status":"publish","type":"page","link":"https:\/\/www.haarsalonsimona.be\/fr\/privacy-policy\/","title":{"rendered":"Privacy Policy"},"content":{"rendered":"<h2>Disclaimer<\/h2>\n\n\n\n<h3>Utilisation de notre site Web<\/h3>\n\n\n\n<p>En utilisant notre site Web, vous acceptez nos termes et conditions. Nos conditions g\u00e9n\u00e9rales comprennent cette clause de non-responsabilit\u00e9, notre d\u00e9claration de confidentialit\u00e9 et les conditions g\u00e9n\u00e9rales de vente. Ils s'appliquent \u00e0 vous en tant qu'utilisateur ainsi qu'\u00e0 nous, Haarsalon Simona. Aucune exception ne peut \u00eatre faite aux pr\u00e9sentes conditions g\u00e9n\u00e9rales sans l'autorisation \u00e9crite pr\u00e9alable de Haarsalon Simona.<\/p>\n\n\n\n<h3>Qui est Haarsalon Simona?<\/h3>\n\n\n\n<p class=\" translation-block\">Notre page Web <a href=\"https:\/\/www.haarsalonsimona.be\/\" target=\"_self\"> https:\/\/www.haarsalonsimona.be\/ <\/a> est publi\u00e9e par: De Peuthystraat 3 3040 Huldenberg <br> Si vous avez des questions ou si quelque chose n'est pas clair, n'h\u00e9sitez pas \u00e0 nous contacter par e-mail haarsalonsimona@gmail.com<\/p>\n\n\n\n<h3>Notre site Web<\/h3>\n\n\n\n<p>Haarsalon Simona fait tout ce qui est en son pouvoir pour assurer un fonctionnement fluide, un environnement de navigation s\u00fbr et un haut degr\u00e9 d'accessibilit\u00e9 pour son site Web. N\u00e9anmoins, la visite de notre site est toujours \u00e0 vos propres risques. Nous ne pouvons donc \u00eatre tenus pour responsables des dommages subis directement ou indirectement du fait de l'utilisation de notre site.<\/p>\n\n\n\n<p>Haarsalon Simona a le droit de modifier, suspendre ou r\u00e9silier l'acc\u00e8s au site \u00e0 tout moment et sans pr\u00e9avis.<\/p>\n\n\n\n<p>Le contenu du site Web de Haarsalon Simona est mis \u00e0 jour et mis \u00e0 jour \u00e0 intervalles r\u00e9guliers. N\u00e9anmoins, il est toujours possible que vous trouviez des informations incompl\u00e8tes ou obsol\u00e8tes sur notre site Web. Les dommages directs ou indirects qui en r\u00e9sultent ne sont pas couverts par notre responsabilit\u00e9.<\/p>\n\n\n\n<p>Si notre site contient un contenu qui enfreint la loi applicable, enfreint les droits d'autrui ou est inappropri\u00e9, nous demandons \u00e0 nos utilisateurs de le signaler. Cela nous permet de supprimer partiellement ou compl\u00e8tement le contenu inappropri\u00e9.<\/p>\n\n\n\n<p>Les prix et les informations sur les produits sont indiqu\u00e9s sous r\u00e9serve d'erreurs propres au syst\u00e8me: les erreurs de programmation et les fautes de frappe ne peuvent pas \u00eatre consid\u00e9r\u00e9es comme contraignantes pour un accord de l'utilisateur.<\/p>\n\n\n\n<p>Ce site Internet contient des informations t\u00e9l\u00e9chargeables (textes, photos, vid\u00e9os, logiciels, etc.) Le t\u00e9l\u00e9chargement de ces informations se fait toujours \u00e0 vos propres risques. Haarsalon Simona n'est pas responsable des dommages \u00e0 votre syst\u00e8me informatique ou de la perte de donn\u00e9es en t\u00e9l\u00e9chargeant ces informations.<\/p>\n\n\n\n<p>Non seulement Haarsalon Simona est responsable de ce site Web. En tant qu'utilisateur, il est \u00e9galement attendu de vous que vous n'effectuiez aucun comportement pr\u00e9judiciable au bon fonctionnement et \u00e0 l'environnement s\u00fbr de notre site. Cela inclut les programmes malveillants (tels que les virus informatiques, les logiciels malveillants, les vers, les chevaux de Troie, etc.) et la distribution de messages commerciaux non sollicit\u00e9s (tels que les courriers ind\u00e9sirables, les spams, le contenu de spam, les courriers \u00e9lectroniques, etc.) via notre site Web. Les r\u00e9clamations pour dommages ne peuvent \u00eatre faites qu'\u00e0 l'utilisateur qui a caus\u00e9 les dommages.<\/p>\n\n\n\n<h3>Liens et r\u00e9f\u00e9rences \u00e0 d'autres sites Web<\/h3>\n\n\n\n<p>Les pages de tiers li\u00e9es au site de Haarsalon Simona ne rel\u00e8vent pas de notre responsabilit\u00e9. Cela inclut les hyperliens, les cadres, les javascripts.<\/p>\n\n\n\n<p>Nous ne sommes pas responsables du fonctionnement s\u00fbr et correct des sites Web li\u00e9s, ni du contenu r\u00e9pertori\u00e9 sur les sites Web. Nous ne sommes donc pas responsables des dommages (cons\u00e9cutifs) caus\u00e9s par ces sites Web.<\/p>\n\n\n\n<p>Les conditions g\u00e9n\u00e9rales des sites li\u00e9s peuvent \u00eatre diff\u00e9rentes et n'offrent pas les m\u00eames garanties.<\/p>\n\n\n\n<h3>Droits de propri\u00e9t\u00e9 intellectuelle<\/h3>\n\n\n\n<p>Le contenu (textes, articles de blog, notes, photos, dessins, vid\u00e9os, clips audio, etc.) et le c\u00f4t\u00e9 technique de notre site Web sont prot\u00e9g\u00e9s par les droits de propri\u00e9t\u00e9 intellectuelle. Le droit d'auteur, le droit des logiciels et le droit des bases de donn\u00e9es en sont une liste non exhaustive d'exemples. Toute violation de nos droits de propri\u00e9t\u00e9 intellectuelle fera l'objet de poursuites.<\/p>\n\n\n\n<h3>Traitement et protection des donn\u00e9es personnelles<\/h3>\n\n\n\n<p>Haarsalon Simona traite vos donn\u00e9es personnelles conform\u00e9ment aux dispositions de notre d\u00e9claration de confidentialit\u00e9<a href=\"https:\/\/www.kapsalonchic.be\/gdpr#privacystatement\">.<\/a><\/p>\n\n\n\n<h3>Dispositions g\u00e9n\u00e9rales<\/h3>\n\n\n\n<p>Nos conditions g\u00e9n\u00e9rales sont pleinement li\u00e9es aux dispositions du droit belge. Les d\u00e9saccords sont soumis au tribunal comp\u00e9tent.<\/p>\n\n\n\n<h2>Privacy Statement<\/h2>\n\n\n\n<h3>\u00c0 propos de cette d\u00e9claration de confidentialit\u00e9<\/h3>\n\n\n\n<p class=\" translation-block\">Avec cette d\u00e9claration de confidentialit\u00e9, Haarsalon Simona souhaite vous informer sur la mani\u00e8re dont vos donn\u00e9es personnelles sont trait\u00e9es et quels sont vos droits \u00e0 cet \u00e9gard. En utilisant notre site Web <a href=\"https:\/\/www.haarsalonsimona.be\/\" target=\"_self\"> https:\/\/www.haarsalonsimona.be\/ <\/a>, vous consentez explicitement \u00e0 ce que nous puissions traiter vos donn\u00e9es personnelles .<\/p>\n\n\n\n<p>Il est possible que cette d\u00e9claration de confidentialit\u00e9 soit sujette \u00e0 changement \u00e0 l'avenir. Nous vous recommandons donc de consulter r\u00e9guli\u00e8rement ce document. Tout changement de fond significatif sera \u00e9galement clairement communiqu\u00e9.<\/p>\n\n\n\n<h3>Qui traite vos donn\u00e9es personnelles<\/h3>\n\n\n\n<p>De Peuthystraat 3 3040 Huldenberg<\/p>\n\n\n\n<p><strong>Quelles donn\u00e9es personnelles sont trait\u00e9es:<\/strong><\/p>\n\n\n\n<p>Nous, Haarsalon Simona, nous engageons \u00e0 ne traiter que les donn\u00e9es n\u00e9cessaires aux finalit\u00e9s pour lesquelles elles ont \u00e9t\u00e9 collect\u00e9es. Les donn\u00e9es personnelles suivantes sont trait\u00e9es par Haarsalon Simona: Donn\u00e9es d'identification<\/p>\n\n\n\n<h4>Finalit\u00e9s du traitement de vos donn\u00e9es personnelles<\/h4>\n\n\n\n<p>Le traitement des donn\u00e9es est essentiel pour le fonctionnement de ce site Web et des services et \/ ou produits associ\u00e9s fournis.<\/p>\n\n\n\n<p>Nous traitons vos donn\u00e9es aux fins suivantes:<\/p>\n\n\n\n<ul><li>Donner acc\u00e8s \u00e0 votre profil utilisateur<\/li><li>La livraison et \u00e9ventuellement l'installation des produits, personnalis\u00e9s ou non<\/li><li>\u00c0 des fins de facturation et de comptabilit\u00e9<\/li><li>Fournir des informations<\/li><li>Fournir des services g\u00e9n\u00e9raux et personnels<\/li><li>Envoi de newsletters et d'offres susceptibles de vous \u00eatre utiles et \/ ou n\u00e9cessaires<\/li><li>Obtention et traitement des avis des utilisateurs<\/li><li>Fournir un support technique, un service apr\u00e8s-vente<\/li><li>Am\u00e9liorer les services g\u00e9n\u00e9raux et personnels<\/li><li>Am\u00e9lioration des produits livr\u00e9s, personnalis\u00e9s ou non<\/li><li>La d\u00e9tection et la pr\u00e9vention de la fraude, des erreurs et \/ ou des comportements criminels<\/li><li>\u00c0 des fins de marketing<\/li><\/ul>\n\n\n\n<p>Lors de la visite du site https:\/\/www.haarsalonsimona.be\/, des donn\u00e9es sont \u00e9galement collect\u00e9es \u00e0 des fins statistiques. Ces donn\u00e9es sont n\u00e9cessaires pour optimiser l'utilisation de notre site Web. Il concerne les donn\u00e9es suivantes<\/p>\n\n\n\n<ul><li>adresse IP<\/li><li>Origine de la visite<\/li><li>Emplacement probable de la visite du site Web<\/li><li>Heure de la visite du site Web<\/li><li>Dur\u00e9e de la visite du site<\/li><li>Marque et type de support utilis\u00e9 (ordinateur, tablette ou smartphone) utilis\u00e9 lors de la visite du site<\/li><li>Navigateur utilis\u00e9 lors de la visite du site Web<\/li><\/ul>\n\n\n\n<p>En visitant le site Web, vous acceptez cette collecte de donn\u00e9es statistiques, comme indiqu\u00e9 ci-dessus.<\/p>\n\n\n\n<p>Le visiteur fournit ses propres donn\u00e9es personnelles \u00e0 Haarsalon Simona et peut donc exercer un certain contr\u00f4le sur le contenu, l'exhaustivit\u00e9 et l'exactitude des donn\u00e9es. S'il appara\u00eet que les donn\u00e9es sont incompl\u00e8tes ou incorrectes, Haarsalon Simona se r\u00e9serve le droit de ne pas effectuer temporairement ou d\u00e9finitivement certaines actions.<\/p>\n\n\n\n<p>Les donn\u00e9es ne sont trait\u00e9es que pour un usage interne par Haarsalon Simona. Nous pouvons vous assurer que vos donn\u00e9es personnelles ne seront pas vendues, transmises ou communiqu\u00e9es \u00e0 des tiers qui nous sont associ\u00e9s, sauf s'il s'agit de sous-traitants responsables de la livraison du produit ou de l'ex\u00e9cution du service demand\u00e9. Ces sous-traitants ne traiteront vos donn\u00e9es qu'aux fins \u00e9nonc\u00e9es dans cette d\u00e9claration de confidentialit\u00e9. Haarsalon Simona a pris toutes les mesures juridiques et techniques n\u00e9cessaires pour emp\u00eacher l'acc\u00e8s et l'utilisation non autoris\u00e9s de vos donn\u00e9es personnelles.<\/p>\n\n\n\n<h4>L'utilisation des cookies<\/h4>\n\n\n\n<p>Ces cookies nous aident \u00e0 optimiser votre visite sur le site et \u00e0 m\u00e9moriser les choix techniques. Nous vous recommandons donc d'activer les cookies. Cependant, si vous ne souhaitez pas utiliser de cookies et les d\u00e9sactiver, nous vous renvoyons \u00e0 notre politique de cookies<a href=\"https:\/\/www.kapsalonchic.be\/gdpr#cookieverklaring\">.<\/a><\/p>\n\n\n\n<p>Pour une explication plus d\u00e9taill\u00e9e de la fa\u00e7on dont nous utilisons les cookies pour obtenir et traiter vos donn\u00e9es personnelles, veuillez vous r\u00e9f\u00e9rer \u00e0 notre politique en mati\u00e8re de cookies<a href=\"https:\/\/www.kapsalonchic.be\/gdpr#cookieverklaring\">.<\/a><\/p>\n\n\n\n<h4>Tes droits<\/h4>\n\n\n\n<p>Haarsalon Simona traite toujours vos donn\u00e9es personnelles avec une diligence raisonnable. Cela comprend les \u00e9l\u00e9ments suivants:<\/p>\n\n\n\n<ul><li>Vos donn\u00e9es personnelles seront trait\u00e9es conform\u00e9ment aux finalit\u00e9s l\u00e9gitimes d\u00e9crites dans cette d\u00e9claration de confidentialit\u00e9.<\/li><li>Vos donn\u00e9es personnelles ne seront trait\u00e9es que dans la mesure o\u00f9 cela est n\u00e9cessaire et pertinent, et n'est pas excessif.<\/li><li>Vos donn\u00e9es personnelles ne seront conserv\u00e9es que le temps n\u00e9cessaire pour atteindre les objectifs d\u00e9crits dans cette d\u00e9claration de confidentialit\u00e9.<\/li><\/ul>\n\n\n\n<p>Nous avons pris les mesures techniques n\u00e9cessaires pour minimiser les risques d'acc\u00e8s ill\u00e9gal \u00e0 vos donn\u00e9es personnelles, ou leur traitement. En cas d'effraction sur ses syst\u00e8mes informatiques, Haarsalon Simona prendra imm\u00e9diatement toutes les mesures possibles pour limiter au maximum les dommages.<\/p>\n\n\n\n<p><strong>Droit au traitement licite et s\u00e9curis\u00e9 de vos donn\u00e9es personnelles<\/strong><\/p>\n\n\n\n<p>Apr\u00e8s avoir fourni une preuve de votre identit\u00e9, vous avez le droit de savoir aupr\u00e8s de Haarsalon Simona si vos donn\u00e9es sont en cours de traitement. Si vos donn\u00e9es sont dans nos fichiers, vous avez le droit d'inspecter les donn\u00e9es personnelles collect\u00e9es. Si vous souhaitez exercer votre droit d'acc\u00e8s, Haarsalon Simona s'y conformera dans un d\u00e9lai d'un mois \u00e0 compter de la r\u00e9ception de la demande. La demande peut \u00eatre faite soit par courrier recommand\u00e9, soit par e-mail \u00e0 l'adresse haarsalonsimona@gmail.com.<\/p>\n\n\n\n<p>Les donn\u00e9es incompl\u00e8tes ou incorrectes peuvent toujours \u00eatre corrig\u00e9es. En premier lieu, il appartient au visiteur d'ajuster lui-m\u00eame les donn\u00e9es incompl\u00e8tes ou incorrectes. Vous pouvez exercer votre droit de rectification en nous contactant. Haarsalon Simona ajustera vos donn\u00e9es personnelles au plus tard un (1) mois apr\u00e8s votre demande.<\/p>\n\n\n\n<p>Vous avez \u00e9galement le droit de faire effacer vos donn\u00e9es personnelles par nous dans un d\u00e9lai raisonnable. Cependant, le \u00abdroit \u00e0 l'oubli\u00bb n'est possible que dans les cas suivants:<\/p>\n\n\n\n<ul><li>Lorsque les donn\u00e9es personnelles ne sont plus n\u00e9cessaires aux fins pour lesquelles elles ont \u00e9t\u00e9 initialement collect\u00e9es<\/li><li>Lorsqu'il n'y a pas de base l\u00e9gale pour le traitement et que les donn\u00e9es personnelles ont \u00e9t\u00e9 collect\u00e9es avec consentement<\/li><li>Lorsque vous vous opposez au traitement de vos donn\u00e9es personnelles et qu'il n'y a plus de motifs l\u00e9gitimes imp\u00e9rieux plus importants pour pr\u00e9server votre existence. Les motifs l\u00e9gitimes comprennent les obligations comptables et autres obligations l\u00e9gales.<\/li><li>Lorsque les donn\u00e9es personnelles ont \u00e9t\u00e9 obtenues ill\u00e9galement<\/li><li>Quand les donn\u00e9es personnelles doivent \u00eatre supprim\u00e9es conform\u00e9ment \u00e0 une obligation l\u00e9gale<\/li><\/ul>\n\n\n\n<p>Le salon de coiffure Simona d\u00e9cide lui-m\u00eame si l'une des conditions ci-dessus est remplie.<\/p>\n\n\n\n<p><strong>Droit d'opposition et droit de restreindre le traitement de vos donn\u00e9es personnelles.<\/strong><\/p>\n\n\n\n<p>U hebt het recht om een beperking van de verwerking van uw persoonsgegevens te bekomen:<\/p>\n\n\n\n<ul><li>Pendant la p\u00e9riode n\u00e9cessaire \u00e0 Haarsalon Simona pour v\u00e9rifier l'exactitude de vos donn\u00e9es personnelles en cas de litige<\/li><li>Lorsque les donn\u00e9es personnelles ont \u00e9t\u00e9 obtenues ill\u00e9galement et que vous demandez qu'elles ne soient utilis\u00e9es que dans une mesure limit\u00e9e au lieu de les faire supprimer<\/li><li>Lorsque les donn\u00e9es personnelles de l'utilisateur ne sont plus n\u00e9cessaires aux fins du traitement et que l'utilisateur a besoin des donn\u00e9es personnelles pour des poursuites judiciaires.<\/li><li>Pendant la p\u00e9riode n\u00e9cessaire \u00e0 Haarsalon Simona pour v\u00e9rifier si toutes les conditions sont remplies pour effacer les donn\u00e9es personnelles.<\/li><\/ul>\n\n\n\n<p>Vous avez le droit de vous opposer au traitement des donn\u00e9es personnelles \u00e0 tout moment. Haarsalon Simona cessera alors de traiter vos donn\u00e9es personnelles, \u00e0 moins que Haarsalon Simona puisse d\u00e9montrer des motifs l\u00e9gitimes imp\u00e9rieux de traitement des donn\u00e9es personnelles qui pr\u00e9valent sur le droit d'opposition.<\/p>\n\n\n\n<p>Vous pouvez exercer votre droit d'opposition en nous contactant. Haarsalon Simona ajustera vos donn\u00e9es personnelles au plus tard un (1) mois apr\u00e8s votre demande. La demande peut \u00eatre faite soit par courrier recommand\u00e9, soit par e-mail \u00e0 l'adresse haarsalonsimona@gmail.com.<\/p>\n\n\n\n<p><strong>Droit \u00e0 la portabilit\u00e9 des donn\u00e9es<\/strong><\/p>\n\n\n\n<p>En tant que visiteur, vous avez le droit de r\u00e9cup\u00e9rer les donn\u00e9es personnelles que vous avez fournies \u00e0 Haarsalon Simona dans un fichier structur\u00e9 lisible par machine. En outre, vous avez le droit de transf\u00e9rer les donn\u00e9es \u00e0 un autre responsable du traitement si le traitement est bas\u00e9 uniquement sur le consentement de l'utilisateur.<\/p>\n\n\n\n<p>Vous pouvez exercer votre droit de transfert en nous contactant. Haarsalon Simona ajustera vos donn\u00e9es personnelles au plus tard un (1) mois apr\u00e8s votre demande. La demande peut \u00eatre faite soit par courrier recommand\u00e9, soit par e-mail \u00e0 l'adresse haarsalonsimona@gmail.com.<\/p>\n\n\n\n<p><strong>Droit de retirer le consentement pour le traitement et droit de d\u00e9poser une plainte<\/strong><\/p>\n\n\n\n<p>Vous avez le droit de retirer votre consentement au traitement de vos donn\u00e9es \u00e0 tout moment. Cependant, cela ne change pas la lic\u00e9it\u00e9 du traitement bas\u00e9 sur le consentement avant son retrait.<\/p>\n\n\n\n<p>Vous pouvez exercer votre droit d'opposition en nous contactant. Haarsalon Simona ajustera vos donn\u00e9es personnelles au plus tard un (1) mois apr\u00e8s votre demande. La demande peut \u00eatre faite soit par courrier recommand\u00e9, soit par e-mail \u00e0 l'adresse haarsalonsimona@gmail.com<\/p>\n\n\n\n<p>Vous avez \u00e9galement le droit de d\u00e9poser une plainte concernant le traitement de vos donn\u00e9es personnelles par Haarsalon Simona aupr\u00e8s de la Commission belge pour la protection de la vie priv\u00e9e.<\/p>\n\n\n\n<h2>D\u00e9claration relative aux cookies<\/h2>\n\n\n\n<h3>Cookies<\/h3>\n\n\n\n<p>Un cookie stocke des informations dans le navigateur de votre ordinateur lors de votre visite sur une page Web. Les cookies sont utilis\u00e9s pour augmenter votre facilit\u00e9 d'utilisation, par exemple en m\u00e9morisant votre choix de langue ou en vous connectant lors d'une visite ult\u00e9rieure sur un site Web. Les cookies peuvent \u00e9galement \u00eatre utilis\u00e9s \u00e0 des fins de marketing. Il existe diff\u00e9rents types de cookies: les cookies de suivi (pour suivre et garder une trace de votre comportement sur Internet), les cookies techniques (par exemple pour garder une trace des param\u00e8tres de langue) et les cookies de session (cookies temporaires qui expirent lorsque vous fermez la fen\u00eatre de votre navigateur) .<\/p>\n\n\n\n<p>Haarsalon Simona est un site web belge et agit conform\u00e9ment \u00e0 la loi belge sur les communications \u00e9lectroniques, \u00e0 cet \u00e9gard Haarsalon Simona suit les dispositions d\u00e9crites ici concernant les cookies (loi du 13 juin 2005).<\/p>\n\n\n\n<h3>A quoi servent les cookies?<\/h3>\n\n\n\n<p>Les cookies utilis\u00e9s par Haarsalon Simona sont inoffensifs. Nous les utilisons pour nous assurer que ce que vous voyez est applicable \u00e0 vous en tant que visiteur et pour vous faciliter la navigation, par exemple en m\u00e9morisant les param\u00e8tres de langue.<\/p>\n\n\n\n<h3>Quels cookies utilise Haarsalon Simona?<\/h3>\n\n\n\n<p>De plus, nous utilisons \u00e9galement des cookies qui ne sont pas essentiels, mais veillons \u00e0 ce que le site que vous voyez soit enti\u00e8rement adapt\u00e9 \u00e0 vous. Il existe trois types: les cookies fonctionnels, les cookies analytiques et les cookies publicitaires.<\/p>\n\n\n\n<p>En plus de nos propres cookies, nous utilisons \u00e9galement des cookies de sites Web tiers sur lesquels nous faisons de la publicit\u00e9.<\/p>\n\n\n\n<h3>Quels droits avez-vous en tant que visiteur de notre site Web?<\/h3>\n\n\n\n<p>Vous avez le droit de vous opposer, ce qui signifie que vous pouvez vous opposer au traitement de vos donn\u00e9es personnelles pour des motifs importants et l\u00e9gitimes.<\/p>\n\n\n\n<p>Vous disposez d'un droit d'acc\u00e8s, ce qui signifie que vous pouvez demander, sur simple demande, si vos donn\u00e9es personnelles sont conserv\u00e9es et \/ ou trait\u00e9es, et si elles sont ou non transmises.<\/p>\n\n\n\n<p>Vous avez le droit de rectification, ce qui signifie que vos donn\u00e9es personnelles peuvent \u00eatre corrig\u00e9es ou supprim\u00e9es \u00e0 tout moment et \u00e0 votre demande.<\/p>\n\n\n\n<p>Dans notre d\u00e9claration de confidentialit\u00e9, vous pouvez en savoir plus sur vos droits et comment vous pouvez les exercer.<\/p>\n\n\n\n<p>Si vous avez des questions ou des commentaires sur notre d\u00e9claration de cookies, vous pouvez nous contacter via haarsalonsimona@gmail.com.<\/p>","protected":false},"excerpt":{"rendered":"<p>Disclaimer Gebruik van onze website Door onze website te gebruiken stem je in met onze algemene voorwaarden. Onze algemene voorwaarden bestaan uit deze disclaimer, onze\u00a0privacy statement\u00a0en de verkoopsvoorwaarden. Ze gelden zowel voor jou als gebruiker als voor ons, Haarsalon Simona. Zonder voorafgaande schriftelijke toestemming door Haarsalon Simona kan geen uitzondering [&hellip;]<\/p>","protected":false},"author":1,"featured_media":0,"parent":0,"menu_order":0,"comment_status":"closed","ping_status":"closed","template":"","meta":[],"yoast_head":"<!-- This site is optimized with the Yoast SEO plugin v15.2.1 - https:\/\/yoast.com\/wordpress\/plugins\/seo\/ -->\n<title>Haarsalon Simona<\/title>\n<meta name=\"description\" content=\"Privacy Policy - Haarsalon Simona - Uw kapsalon in Huldenberg en omstreken. Zowel dames, heren &amp; kinderen zijn welkom bij ons. Snit (vrouwen, mannen &amp; kinderen), extensions, brushing, opsteken, kleuren, mech\u00e8s, balayage, permanent\" \/>\n<meta name=\"robots\" content=\"index, follow, max-snippet:-1, max-image-preview:large, max-video-preview:-1\" \/>\n<link rel=\"canonical\" href=\"https:\/\/www.haarsalonsimona.be\/fr\/privacy-policy\/\" \/>\n<meta name=\"twitter:label1\" content=\"\u00c9crit par\">\n\t<meta name=\"twitter:data1\" content=\"jonasvdk\">\n\t<meta name=\"twitter:label2\" content=\"Dur\u00e9e de lecture est.\">\n\t<meta name=\"twitter:data2\" content=\"9 minutes\">\n<script type=\"application\/ld+json\" class=\"yoast-schema-graph\">{\"@context\":\"https:\/\/schema.org\",\"@graph\":[{\"@type\":\"Organization\",\"@id\":\"https:\/\/www.haarsalonsimona.be\/#organization\",\"name\":\"Haarsalon Simona\",\"url\":\"https:\/\/www.haarsalonsimona.be\/\",\"sameAs\":[\"https:\/\/www.facebook.com\/haarsalon.simona\",\"https:\/\/www.instagram.com\/haarsalonsimona\/\"],\"logo\":{\"@type\":\"ImageObject\",\"@id\":\"https:\/\/www.haarsalonsimona.be\/#logo\",\"inLanguage\":\"fr-FR\",\"url\":\"https:\/\/www.haarsalonsimona.be\/wp-content\/uploads\/2019\/08\/simona-logo.png\",\"width\":600,\"height\":425,\"caption\":\"Haarsalon Simona\"},\"image\":{\"@id\":\"https:\/\/www.haarsalonsimona.be\/#logo\"}},{\"@type\":\"WebSite\",\"@id\":\"https:\/\/www.haarsalonsimona.be\/#website\",\"url\":\"https:\/\/www.haarsalonsimona.be\/\",\"name\":\"HAARSALON SIMONA\",\"description\":\"HAARSALON\",\"publisher\":{\"@id\":\"https:\/\/www.haarsalonsimona.be\/#organization\"},\"potentialAction\":[{\"@type\":\"SearchAction\",\"target\":\"https:\/\/www.haarsalonsimona.be\/?s={search_term_string}\",\"query-input\":\"required name=search_term_string\"}],\"inLanguage\":\"fr-FR\"},{\"@type\":\"WebPage\",\"@id\":\"https:\/\/www.haarsalonsimona.be\/privacy-policy\/#webpage\",\"url\":\"https:\/\/www.haarsalonsimona.be\/privacy-policy\/\",\"name\":\"Haarsalon Simona\",\"isPartOf\":{\"@id\":\"https:\/\/www.haarsalonsimona.be\/#website\"},\"datePublished\":\"2021-03-03T13:52:51+00:00\",\"dateModified\":\"2021-03-03T13:52:51+00:00\",\"description\":\"Privacy Policy - Haarsalon Simona - Uw kapsalon in Huldenberg en omstreken. Zowel dames, heren & kinderen zijn welkom bij ons. Snit (vrouwen, mannen & kinderen), extensions, brushing, opsteken, kleuren, mech\\u00e8s, balayage, permanent\",\"inLanguage\":\"fr-FR\",\"potentialAction\":[{\"@type\":\"ReadAction\",\"target\":[\"https:\/\/www.haarsalonsimona.be\/privacy-policy\/\"]}]}]}<\/script>\n<!-- \/ Yoast SEO plugin. -->","amp_validity":null,"amp_enabled":true,"_links":{"self":[{"href":"https:\/\/www.haarsalonsimona.be\/fr\/wp-json\/wp\/v2\/pages\/970"}],"collection":[{"href":"https:\/\/www.haarsalonsimona.be\/fr\/wp-json\/wp\/v2\/pages"}],"about":[{"href":"https:\/\/www.haarsalonsimona.be\/fr\/wp-json\/wp\/v2\/types\/page"}],"author":[{"embeddable":true,"href":"https:\/\/www.haarsalonsimona.be\/fr\/wp-json\/wp\/v2\/users\/1"}],"replies":[{"embeddable":true,"href":"https:\/\/www.haarsalonsimona.be\/fr\/wp-json\/wp\/v2\/comments?post=970"}],"version-history":[{"count":2,"href":"https:\/\/www.haarsalonsimona.be\/fr\/wp-json\/wp\/v2\/pages\/970\/revisions"}],"predecessor-version":[{"id":972,"href":"https:\/\/www.haarsalonsimona.be\/fr\/wp-json\/wp\/v2\/pages\/970\/revisions\/972"}],"wp:attachment":[{"href":"https:\/\/www.haarsalonsimona.be\/fr\/wp-json\/wp\/v2\/media?parent=970"}],"curies":[{"name":"wp","href":"https:\/\/api.w.org\/{rel}","templated":true}]}}